{"id":2171,"date":"2019-01-04T17:22:10","date_gmt":"2019-01-04T17:22:10","guid":{"rendered":"http:\/\/www.advokatupaslaugos.eu\/glowna\/"},"modified":"2019-01-04T21:59:55","modified_gmt":"2019-01-04T21:59:55","slug":"glowna","status":"publish","type":"page","link":"http:\/\/www.advokatupaslaugos.eu\/pl\/","title":{"rendered":"G\u0141\u00d3WNA"},"content":{"rendered":"<p>[vc_row fullwidth=&#8221;yes&#8221; archi_fullheight=&#8221;yes&#8221; archi_parallax=&#8221;yes&#8221; css=&#8221;.vc_custom_1546630167280{padding-top: 50px !important;padding-bottom: 50px !important;background-image: url(http:\/\/www.advokatupaslaugos.eu\/wp-content\/uploads\/2019\/01\/apple-blank-business-442574.jpg?id=2215) !important;}&#8221; el_class=&#8221;full-height&#8221;][vc_column][vc_empty_space height=&#8221;102px&#8221;][vc_column_text]<\/p>\n<h4 style=\"padding-left: 30px; text-align: center;\"><span style=\"color: #fab207;\"><strong>Telefon:<\/strong><\/span>\u00a0+370 607 70257\u00a0<strong>\u00a0 \u00a0<span style=\"color: #fab207;\">Email:<\/span><\/strong> info@advokatupaslaugos.eu<b style=\"font-size: 1rem;\">\u00a0 \u00a0\u00a0<\/b>\u00a0<span style=\"color: #fab207;\"><strong>Godziny pracy:<\/strong><\/span>\u00a008:00-17:00<\/h4>\n<p>[\/vc_column_text]\t\n\t<!-- Element: OT Home Text Static -->\n    <div class=\"center-y text-center\">\n    \t            <\/div>\n   \n\t<!-- Element: OT Heading --> \t \n\t<h1 style=\"text-align: center;\" > US\u0141UGI ADWOKACKIE<\/h1>\t\n[vc_empty_space height=&#8221;102px&#8221;][\/vc_column][\/vc_row][vc_row css=&#8221;.vc_custom_1476958135667{padding-top: 90px !important;padding-bottom: 55px !important;background-color: #f7f7f7 !important;}&#8221;][vc_column animate=&#8221;fadinright&#8221;]\t<!-- Element: OT Heading --> \t \n\t<h2 class= \"style-2 mt-20\" style=\"text-align: left;\" > KIM JESTE\u015aMY<\/h2>\t\n\t<!-- Element: OT Heading --> \t \n\t<h2 style=\"text-align: left;\" > Advokatupaslaugos.eu - zesp\u00f3\u0142 ambitnych, wykwalifikowanych i zorientowanych na rozwi\u0105zanie problemu prawnego klienta prawnik\u00f3w.<\/h2>\t\n[\/vc_column][\/vc_row][vc_row archi_parallax=&#8221;yes&#8221; css=&#8221;.vc_custom_1495621674939{padding-top: 90px !important;padding-bottom: 90px !important;background-image: url(http:\/\/www.advokatupaslaugos.eu\/wp-content\/uploads\/2016\/10\/bg-16.jpg?id=1022) !important;background-position: center !important;background-repeat: no-repeat !important;background-size: cover !important;}&#8221;][vc_column width=&#8221;1\/3&#8243; animate=&#8221;fadein&#8221; delay=&#8221;0&#8243;]\t\t\t\n\t<!-- Element: OT why choose us -->\n\t<div class=\"box-number square\">\n        <span class=\"number bg-color wow rotateIn\" data-wow-delay=\".5s\"> 1<\/span>\n        <div class=\"text\">\n            <h3>\n\t              \n\t\t\t\t\t<span class=\"id-color\">Problem<\/span>\n\t\t\t\t \n\t\t\t<\/h3>\n            <p class=\"text-light\">Na wys\u0142ane przez Pa\u0144stwa zapytanie z przedstawionym problemem prawnym adwokat odpowie w mo\u017cliwie najkr\u00f3tszym terminie.<\/p>\n        <\/div>\n    <\/div>\n    \n[\/vc_column][vc_column width=&#8221;1\/3&#8243; animate=&#8221;fadein&#8221; delay=&#8221;.25&#8243;]\t\t\t\n\t<!-- Element: OT why choose us -->\n\t<div class=\"box-number square\">\n        <span class=\"number bg-color wow rotateIn\" data-wow-delay=\".75s\"> 2<\/span>\n        <div class=\"text\">\n            <h3>\n\t              \n\t\t\t\t\t<span class=\"id-color\">Zakres<\/span>\n\t\t\t\t \n\t\t\t<\/h3>\n            <p class=\"text-light\">Adwokaci pracuj\u0105 w wielu dziedzinach prawa, dlatego na pewno pomo\u017cemy i odnajdziemy odpowied\u017a nawet w najtrudniejszych sytuacjach.<\/p>\n        <\/div>\n    <\/div>\n    \n[\/vc_column][vc_column width=&#8221;1\/3&#8243; animate=&#8221;fadein&#8221; delay=&#8221;.5&#8243;]\t\t\t\n\t<!-- Element: OT why choose us -->\n\t<div class=\"box-number square\">\n        <span class=\"number bg-color wow rotateIn\" data-wow-delay=\"1s\"> 3<\/span>\n        <div class=\"text\">\n            <h3>\n\t              \n\t\t\t\t\t<span class=\"id-color\">Dost\u0119pna cena<\/span>\n\t\t\t\t \n\t\t\t<\/h3>\n            <p class=\"text-light\">Pa\u0144stwo zawsze zostan\u0105 powiadomieni o koszcie wybranych us\u0142ug prawnych oraz konkretnych dzia\u0142aniach, dlatego nie powstaje zobowi\u0105zanie do natychmiastowego p\u0142acenia wysokich kwot.<\/p>\n        <\/div>\n    <\/div>\n    \n[\/vc_column][vc_column][vc_empty_space height=&#8221;30px&#8221;][\/vc_column][vc_column width=&#8221;1\/3&#8243; animate=&#8221;fadein&#8221; delay=&#8221;.75&#8243;]\t\t\t\n\t<!-- Element: OT why choose us -->\n\t<div class=\"box-number square\">\n        <span class=\"number bg-color wow rotateIn\" data-wow-delay=\"1.25s\"> 4<\/span>\n        <div class=\"text\">\n            <h3>\n\t              \n\t\t\t\t\t<span class=\"id-color\">Bezp\u0142atne konsultacje<\/span>\n\t\t\t\t \n\t\t\t<\/h3>\n            <p class=\"text-light\">Adwokaci, w zale\u017cno\u015bci od z\u0142o\u017cono\u015bci problemu - zapytania, mog\u0105 udzieli\u0107 wst\u0119pnej konsultacji za darmo.<\/p>\n        <\/div>\n    <\/div>\n    \n[\/vc_column][vc_column width=&#8221;1\/3&#8243; animate=&#8221;fadein&#8221; delay=&#8221;1&#8243;]\t\t\t\n\t<!-- Element: OT why choose us -->\n\t<div class=\"box-number square\">\n        <span class=\"number bg-color wow rotateIn\" data-wow-delay=\"1.5s\"> 5<\/span>\n        <div class=\"text\">\n            <h3>\n\t              \n\t\t\t\t\t<span class=\"id-color\">Gwarancja w pracy<\/span>\n\t\t\t\t \n\t\t\t<\/h3>\n            <p class=\"text-light\">Pa\u0144stwo mog\u0105 by\u0107 pewni, \u017ce zyskaj\u0105 wysokiej jako\u015bci us\u0142ugi prawne.<\/p>\n        <\/div>\n    <\/div>\n    \n[\/vc_column][vc_column width=&#8221;1\/3&#8243; animate=&#8221;fadein&#8221; delay=&#8221;1.25&#8243;]\t\t\t\n\t<!-- Element: OT why choose us -->\n\t<div class=\"box-number square\">\n        <span class=\"number bg-color wow rotateIn\" data-wow-delay=\"1.75s\"> 6<\/span>\n        <div class=\"text\">\n            <h3>\n\t              \n\t\t\t\t\t<span class=\"id-color\">Pomoc 24 \/ 7<\/span>\n\t\t\t\t \n\t\t\t<\/h3>\n            <p class=\"text-light\">Najwa\u017cniejsze jest cz\u0142owiecze\u0144stwo, dlatego w nag\u0142ych i krytycznych sytuacjach pracujemy w weekendy, a je\u017celi jest taka potrzeba - r\u00f3wnie\u017c w nocy..<\/p>\n        <\/div>\n    <\/div>\n    \n[\/vc_column][\/vc_row]<\/p>\n","protected":false},"excerpt":{"rendered":"<p>[vc_row fullwidth=&#8221;yes&#8221; archi_fullheight=&#8221;yes&#8221; archi_parallax=&#8221;yes&#8221; css=&#8221;.vc_custom_1546630167280{padding-top: 50px !important;padding-bottom: 50px !important;background-image: url(http:\/\/www.advokatupaslaugos.eu\/wp-content\/uploads\/2019\/01\/apple-blank-business-442574.jpg?id=2215) !important;}&#8221; el_class=&#8221;full-height&#8221;][vc_column][vc_empty_space height=&#8221;102px&#8221;][vc_column_text] Telefon:\u00a0+370 607 70257\u00a0\u00a0 \u00a0Email: info@advokatupaslaugos.eu\u00a0 \u00a0\u00a0\u00a0Godziny pracy:\u00a008:00-17:00 [\/vc_column_text][vc_empty_space height=&#8221;102px&#8221;][\/vc_column][\/vc_row][vc_row css=&#8221;.vc_custom_1476958135667{padding-top: 90px !important;padding-bottom: 55px !important;background-color: #f7f7f7 !important;}&#8221;][vc_column animate=&#8221;fadinright&#8221;][\/vc_column][\/vc_row][vc_row archi_parallax=&#8221;yes&#8221; css=&#8221;.vc_custom_1495621674939{padding-top: 90px !important;padding-bottom: 90px !important;background-image: url(http:\/\/www.advokatupaslaugos.eu\/wp-content\/uploads\/2016\/10\/bg-16.jpg?id=1022) !important;background-position: center !important;background-repeat: no-repeat !important;background-size: cover !important;}&#8221;][vc_column width=&#8221;1\/3&#8243; animate=&#8221;fadein&#8221; delay=&#8221;0&#8243;][\/vc_column][vc_column width=&#8221;1\/3&#8243; animate=&#8221;fadein&#8221; delay=&#8221;.25&#8243;][\/vc_column][vc_column width=&#8221;1\/3&#8243; animate=&#8221;fadein&#8221; delay=&#8221;.5&#8243;][\/vc_column][vc_column][vc_empty_space height=&#8221;30px&#8221;][\/vc_column][vc_column width=&#8221;1\/3&#8243; [&hellip;]<\/p>\n","protected":false},"author":1,"featured_media":0,"parent":0,"menu_order":0,"comment_status":"closed","ping_status":"closed","template":"page-templates\/template-fullwidth.php","meta":[],"_links":{"self":[{"href":"http:\/\/www.advokatupaslaugos.eu\/pl\/wp-json\/wp\/v2\/pages\/2171\/"}],"collection":[{"href":"http:\/\/www.advokatupaslaugos.eu\/pl\/wp-json\/wp\/v2\/pages\/"}],"about":[{"href":"http:\/\/www.advokatupaslaugos.eu\/pl\/wp-json\/wp\/v2\/types\/page\/"}],"author":[{"embeddable":true,"href":"http:\/\/www.advokatupaslaugos.eu\/pl\/wp-json\/wp\/v2\/users\/1\/"}],"replies":[{"embeddable":true,"href":"http:\/\/www.advokatupaslaugos.eu\/pl\/wp-json\/wp\/v2\/comments\/?post=2171"}],"version-history":[{"count":4,"href":"http:\/\/www.advokatupaslaugos.eu\/pl\/wp-json\/wp\/v2\/pages\/2171\/revisions\/"}],"predecessor-version":[{"id":2255,"href":"http:\/\/www.advokatupaslaugos.eu\/pl\/wp-json\/wp\/v2\/pages\/2171\/revisions\/2255\/"}],"wp:attachment":[{"href":"http:\/\/www.advokatupaslaugos.eu\/pl\/wp-json\/wp\/v2\/media\/?parent=2171"}],"curies":[{"name":"wp","href":"https:\/\/api.w.org\/{rel}","templated":true}]}}